{"id":22029,"date":"2025-10-07T23:45:06","date_gmt":"2025-10-07T23:45:06","guid":{"rendered":"https:\/\/connectify.events\/?page_id=22029"},"modified":"2026-03-13T05:10:55","modified_gmt":"2026-03-13T05:10:55","slug":"marketing-comunicaciones-y-convocatoria","status":"publish","type":"page","link":"https:\/\/connectify.events\/en\/marketing-comunicaciones-y-convocatoria\/","title":{"rendered":"Marketing, Communications, and Outreach"},"content":{"rendered":"<div data-elementor-type=\"wp-page\" data-elementor-id=\"22029\" class=\"elementor elementor-22029\" data-elementor-post-type=\"page\">\n\t\t\t\t<div class=\"elementor-element elementor-element-5b6fad6 e-flex e-con-boxed e-con e-parent\" data-id=\"5b6fad6\" data-element_type=\"container\" data-e-type=\"container\" data-settings=\"{&quot;background_background&quot;:&quot;classic&quot;}\">\n\t\t\t\t\t<div class=\"e-con-inner\">\n\t\t\t\t<div class=\"elementor-element elementor-element-0e21bc9 elementor-widget__width-initial elementor-widget elementor-widget-heading\" data-id=\"0e21bc9\" data-element_type=\"widget\" data-e-type=\"widget\" data-widget_type=\"heading.default\">\n\t\t\t\t\t<h1 class=\"elementor-heading-title elementor-size-default\">Marketing, Communications, and Outreach<\/h1>\t\t\t\t<\/div>\n\t\t\t\t\t<\/div>\n\t\t\t\t<\/div>\n\t\t<div class=\"elementor-element elementor-element-5205d67 e-flex e-con-boxed e-con e-parent\" data-id=\"5205d67\" data-element_type=\"container\" data-e-type=\"container\">\n\t\t\t\t\t<div class=\"e-con-inner\">\n\t\t<div class=\"elementor-element elementor-element-74219fb e-con-full e-flex e-con e-child\" data-id=\"74219fb\" data-element_type=\"container\" data-e-type=\"container\">\n\t\t\t\t<div class=\"elementor-element elementor-element-54bb4db elementor-widget elementor-widget-image\" data-id=\"54bb4db\" data-element_type=\"widget\" data-e-type=\"widget\" data-widget_type=\"image.default\">\n\t\t\t\t\t\t\t\t\t\t\t\t\t\t\t<img loading=\"lazy\" decoding=\"async\" width=\"695\" height=\"770\" src=\"https:\/\/connectify.events\/wp-content\/uploads\/2025\/10\/Marketing-2.png\" class=\"attachment-large size-large wp-image-22680\" alt=\"Marketing Marketing, Comunicaciones Y Convocatoria\" srcset=\"https:\/\/connectify.events\/wp-content\/uploads\/2025\/10\/Marketing-2.png 695w, https:\/\/connectify.events\/wp-content\/uploads\/2025\/10\/Marketing-2-271x300.png 271w, https:\/\/connectify.events\/wp-content\/uploads\/2025\/10\/Marketing-2-11x12.png 11w\" sizes=\"auto, (max-width: 695px) 100vw, 695px\" \/>\t\t\t\t\t\t\t\t\t\t\t\t\t\t\t<\/div>\n\t\t\t\t<\/div>\n\t\t<div class=\"elementor-element elementor-element-00928c4 e-con-full e-flex elementor-invisible e-con e-child\" data-id=\"00928c4\" data-element_type=\"container\" data-e-type=\"container\" data-settings=\"{&quot;animation&quot;:&quot;ova-move-down&quot;,&quot;animation_tablet&quot;:&quot;none&quot;}\">\n\t\t\t\t<div class=\"elementor-element elementor-element-9287b28 elementor-widget elementor-widget-heading\" data-id=\"9287b28\" data-element_type=\"widget\" data-e-type=\"widget\" data-widget_type=\"heading.default\">\n\t\t\t\t\t<h3 class=\"elementor-heading-title elementor-size-default\">Boost your event with strategy and communication<\/h3>\t\t\t\t<\/div>\n\t\t\t\t<div class=\"elementor-element elementor-element-5b4a140 elementor-widget elementor-widget-text-editor\" data-id=\"5b4a140\" data-element_type=\"widget\" data-e-type=\"widget\" data-widget_type=\"text-editor.default\">\n\t\t\t\t\t\t\t\t\t<p><span style=\"font-weight: 400;\">At <\/span><b>Connectify<\/b><span style=\"font-weight: 400;\"> we know that the success of an event starts long before doors open. That\u2019s why we offer a comprehensive <\/span><b>marketing, communications<\/b><span style=\"font-weight: 400;\">, and outreach service that combines creativity, strategy, and technology to ensure maximum visibility and attendance.<\/span><\/p><p><span style=\"font-weight: 400;\">Our team of experts designs and executes customized campaigns that cover everything from <\/span><b>visual identity and creative assets<\/b><span style=\"font-weight: 400;\">to multi-channel promotion, <\/span><b>guiding participants<\/b><span style=\"font-weight: 400;\"> from their first interaction all the way to confirmed registration.<\/span><\/p><p><span style=\"font-weight: 400;\">With a mix of telemarketing, <\/span><b>digital marketing, and strategic communications, we reach audiences<\/b><span style=\"font-weight: 400;\">on the channels where they are, creating pre-event experiences that build anticipation, trust, and engagement.<\/span><\/p>\t\t\t\t\t\t\t\t<\/div>\n\t\t\t\t<\/div>\n\t\t\t\t\t<\/div>\n\t\t\t\t<\/div>\n\t\t<div class=\"elementor-element elementor-element-481ab08 e-flex e-con-boxed e-con e-parent\" data-id=\"481ab08\" data-element_type=\"container\" data-e-type=\"container\" data-settings=\"{&quot;background_background&quot;:&quot;classic&quot;}\">\n\t\t\t\t\t<div class=\"e-con-inner\">\n\t\t<div class=\"elementor-element elementor-element-697ea7a e-con-full e-flex e-con e-child\" data-id=\"697ea7a\" data-element_type=\"container\" data-e-type=\"container\">\n\t\t<div class=\"elementor-element elementor-element-8e12fdd e-con-full e-flex e-con e-child\" data-id=\"8e12fdd\" data-element_type=\"container\" data-e-type=\"container\">\n\t\t<div class=\"elementor-element elementor-element-ae68387 e-con-full e-flex e-con e-child\" data-id=\"ae68387\" data-element_type=\"container\" data-e-type=\"container\">\n\t\t\t\t<div class=\"elementor-element elementor-element-54fab8e elementor-widget elementor-widget-heading\" data-id=\"54fab8e\" data-element_type=\"widget\" data-e-type=\"widget\" data-widget_type=\"heading.default\">\n\t\t\t\t\t<h2 class=\"elementor-heading-title elementor-size-default\">Services we offer:<\/h2>\t\t\t\t<\/div>\n\t\t<div class=\"elementor-element elementor-element-3569d59 e-con-full e-grid e-con e-child\" data-id=\"3569d59\" data-element_type=\"container\" data-e-type=\"container\">\n\t\t<div class=\"elementor-element elementor-element-200ace8 e-con-full e-flex e-con e-child\" data-id=\"200ace8\" data-element_type=\"container\" data-e-type=\"container\">\n\t\t\t\t<div class=\"elementor-element elementor-element-34679a4 elementor-widget__width-initial elementor-widget-tablet_extra__width-initial elementor-widget elementor-widget-image\" data-id=\"34679a4\" data-element_type=\"widget\" data-e-type=\"widget\" data-widget_type=\"image.default\">\n\t\t\t\t\t\t\t\t\t\t\t\t\t\t\t<img loading=\"lazy\" decoding=\"async\" width=\"36\" height=\"30\" src=\"https:\/\/connectify.events\/wp-content\/uploads\/2025\/10\/111.png\" class=\"attachment-full size-full wp-image-22267\" alt=\"Imagen Marketing, Comunicaciones Y Convocatoria\" srcset=\"https:\/\/connectify.events\/wp-content\/uploads\/2025\/10\/111.png 36w, https:\/\/connectify.events\/wp-content\/uploads\/2025\/10\/111-14x12.png 14w\" sizes=\"auto, (max-width: 36px) 100vw, 36px\" \/>\t\t\t\t\t\t\t\t\t\t\t\t\t\t\t<\/div>\n\t\t\t\t<div class=\"elementor-element elementor-element-f7a54bc elementor-widget elementor-widget-text-editor\" data-id=\"f7a54bc\" data-element_type=\"widget\" data-e-type=\"widget\" data-widget_type=\"text-editor.default\">\n\t\t\t\t\t\t\t\t\t<p><b>Graphic design and branding<\/b><span style=\"font-weight: 400;\"> for your event campaign.<\/span><\/p>\t\t\t\t\t\t\t\t<\/div>\n\t\t\t\t<\/div>\n\t\t<div class=\"elementor-element elementor-element-1b0a91b e-con-full e-flex e-con e-child\" data-id=\"1b0a91b\" data-element_type=\"container\" data-e-type=\"container\">\n\t\t\t\t<div class=\"elementor-element elementor-element-6c75430 elementor-widget__width-initial elementor-widget-tablet_extra__width-initial elementor-widget elementor-widget-image\" data-id=\"6c75430\" data-element_type=\"widget\" data-e-type=\"widget\" data-widget_type=\"image.default\">\n\t\t\t\t\t\t\t\t\t\t\t\t\t\t\t<img loading=\"lazy\" decoding=\"async\" width=\"36\" height=\"30\" src=\"https:\/\/connectify.events\/wp-content\/uploads\/2025\/10\/2-1.png\" class=\"attachment-full size-full wp-image-22242\" alt=\"Imagen Checkin Y Controles De Acceso\" srcset=\"https:\/\/connectify.events\/wp-content\/uploads\/2025\/10\/2-1.png 36w, https:\/\/connectify.events\/wp-content\/uploads\/2025\/10\/2-1-14x12.png 14w\" sizes=\"auto, (max-width: 36px) 100vw, 36px\" \/>\t\t\t\t\t\t\t\t\t\t\t\t\t\t\t<\/div>\n\t\t\t\t<div class=\"elementor-element elementor-element-3386ca8 elementor-widget elementor-widget-text-editor\" data-id=\"3386ca8\" data-element_type=\"widget\" data-e-type=\"widget\" data-widget_type=\"text-editor.default\">\n\t\t\t\t\t\t\t\t\t<p><span style=\"font-weight: 400;\"><b>Full-funnel digital marketing:<\/b>email marketing, social media, targeted ads, SMS, and WhatsApp.<\/span><\/p>\t\t\t\t\t\t\t\t<\/div>\n\t\t\t\t<\/div>\n\t\t<div class=\"elementor-element elementor-element-3abb2cc e-con-full e-flex e-con e-child\" data-id=\"3abb2cc\" data-element_type=\"container\" data-e-type=\"container\">\n\t\t\t\t<div class=\"elementor-element elementor-element-5ef99aa elementor-widget__width-initial elementor-widget-tablet_extra__width-initial elementor-widget elementor-widget-image\" data-id=\"5ef99aa\" data-element_type=\"widget\" data-e-type=\"widget\" data-widget_type=\"image.default\">\n\t\t\t\t\t\t\t\t\t\t\t\t\t\t\t<img loading=\"lazy\" decoding=\"async\" width=\"36\" height=\"30\" src=\"https:\/\/connectify.events\/wp-content\/uploads\/2025\/10\/3-1.png\" class=\"attachment-full size-full wp-image-22251\" alt=\"Imagen Checkin Y Controles De Acceso\" srcset=\"https:\/\/connectify.events\/wp-content\/uploads\/2025\/10\/3-1.png 36w, https:\/\/connectify.events\/wp-content\/uploads\/2025\/10\/3-1-14x12.png 14w\" sizes=\"auto, (max-width: 36px) 100vw, 36px\" \/>\t\t\t\t\t\t\t\t\t\t\t\t\t\t\t<\/div>\n\t\t\t\t<div class=\"elementor-element elementor-element-fe55913 elementor-widget elementor-widget-text-editor\" data-id=\"fe55913\" data-element_type=\"widget\" data-e-type=\"widget\" data-widget_type=\"text-editor.default\">\n\t\t\t\t\t\t\t\t\t<p><span style=\"font-weight: 400;\"><b>Specialized telemarketing<\/b>for invitations and attendance confirmation.<\/span><\/p>\t\t\t\t\t\t\t\t<\/div>\n\t\t\t\t<\/div>\n\t\t<div class=\"elementor-element elementor-element-8496b84 e-con-full e-flex e-con e-child\" data-id=\"8496b84\" data-element_type=\"container\" data-e-type=\"container\">\n\t\t\t\t<div class=\"elementor-element elementor-element-1065fad elementor-widget__width-initial elementor-widget-tablet_extra__width-initial elementor-widget elementor-widget-image\" data-id=\"1065fad\" data-element_type=\"widget\" data-e-type=\"widget\" data-widget_type=\"image.default\">\n\t\t\t\t\t\t\t\t\t\t\t\t\t\t\t<img loading=\"lazy\" decoding=\"async\" width=\"36\" height=\"30\" src=\"https:\/\/connectify.events\/wp-content\/uploads\/2025\/10\/4-1.png\" class=\"attachment-full size-full wp-image-22252\" alt=\"Imagen Checkin Y Controles De Acceso\" srcset=\"https:\/\/connectify.events\/wp-content\/uploads\/2025\/10\/4-1.png 36w, https:\/\/connectify.events\/wp-content\/uploads\/2025\/10\/4-1-14x12.png 14w\" sizes=\"auto, (max-width: 36px) 100vw, 36px\" \/>\t\t\t\t\t\t\t\t\t\t\t\t\t\t\t<\/div>\n\t\t\t\t<div class=\"elementor-element elementor-element-f4bec2c elementor-widget elementor-widget-text-editor\" data-id=\"f4bec2c\" data-element_type=\"widget\" data-e-type=\"widget\" data-widget_type=\"text-editor.default\">\n\t\t\t\t\t\t\t\t\t<p><b>Public relations and press (PR):<\/b><span style=\"font-weight: 400;\">media management, press releases, and news coverage.<\/span><\/p>\t\t\t\t\t\t\t\t<\/div>\n\t\t\t\t<\/div>\n\t\t<div class=\"elementor-element elementor-element-2524678 e-con-full e-flex e-con e-child\" data-id=\"2524678\" data-element_type=\"container\" data-e-type=\"container\">\n\t\t\t\t<div class=\"elementor-element elementor-element-700c874 elementor-widget__width-initial elementor-widget-tablet_extra__width-initial elementor-widget elementor-widget-image\" data-id=\"700c874\" data-element_type=\"widget\" data-e-type=\"widget\" data-widget_type=\"image.default\">\n\t\t\t\t\t\t\t\t\t\t\t\t\t\t\t<img loading=\"lazy\" decoding=\"async\" width=\"36\" height=\"30\" src=\"https:\/\/connectify.events\/wp-content\/uploads\/2025\/10\/5-1.png\" class=\"attachment-full size-full wp-image-22253\" alt=\"Imagen Checkin Y Controles De Acceso\" srcset=\"https:\/\/connectify.events\/wp-content\/uploads\/2025\/10\/5-1.png 36w, https:\/\/connectify.events\/wp-content\/uploads\/2025\/10\/5-1-14x12.png 14w\" sizes=\"auto, (max-width: 36px) 100vw, 36px\" \/>\t\t\t\t\t\t\t\t\t\t\t\t\t\t\t<\/div>\n\t\t\t\t<div class=\"elementor-element elementor-element-92bb2f8 elementor-widget elementor-widget-text-editor\" data-id=\"92bb2f8\" data-element_type=\"widget\" data-e-type=\"widget\" data-widget_type=\"text-editor.default\">\n\t\t\t\t\t\t\t\t\t<p><b>Custom landing pages and microsites<\/b><span style=\"font-weight: 400;\"> for registrations and lead management.<\/span><\/p>\t\t\t\t\t\t\t\t<\/div>\n\t\t\t\t<\/div>\n\t\t<div class=\"elementor-element elementor-element-2b327f9 e-con-full e-flex e-con e-child\" data-id=\"2b327f9\" data-element_type=\"container\" data-e-type=\"container\">\n\t\t\t\t<div class=\"elementor-element elementor-element-96ac345 elementor-widget__width-initial elementor-widget-tablet_extra__width-initial elementor-widget elementor-widget-image\" data-id=\"96ac345\" data-element_type=\"widget\" data-e-type=\"widget\" data-widget_type=\"image.default\">\n\t\t\t\t\t\t\t\t\t\t\t\t\t\t\t<img loading=\"lazy\" decoding=\"async\" width=\"36\" height=\"30\" src=\"https:\/\/connectify.events\/wp-content\/uploads\/2025\/10\/6-1.png\" class=\"attachment-full size-full wp-image-22254\" alt=\"Imagen Checkin Y Controles De Acceso\" srcset=\"https:\/\/connectify.events\/wp-content\/uploads\/2025\/10\/6-1.png 36w, https:\/\/connectify.events\/wp-content\/uploads\/2025\/10\/6-1-14x12.png 14w\" sizes=\"auto, (max-width: 36px) 100vw, 36px\" \/>\t\t\t\t\t\t\t\t\t\t\t\t\t\t\t<\/div>\n\t\t\t\t<div class=\"elementor-element elementor-element-c1a984f elementor-widget elementor-widget-text-editor\" data-id=\"c1a984f\" data-element_type=\"widget\" data-e-type=\"widget\" data-widget_type=\"text-editor.default\">\n\t\t\t\t\t\t\t\t\t<p><span style=\"font-weight: 400;\"><b>Campaign automation and performance analytics,<\/b>tracking ROI in real time.<\/span><\/p>\t\t\t\t\t\t\t\t<\/div>\n\t\t\t\t<\/div>\n\t\t<div class=\"elementor-element elementor-element-ab44c7f e-con-full e-flex e-con e-child\" data-id=\"ab44c7f\" data-element_type=\"container\" data-e-type=\"container\">\n\t\t\t\t<div class=\"elementor-element elementor-element-3211f4b elementor-widget__width-initial elementor-widget-tablet_extra__width-initial elementor-widget elementor-widget-image\" data-id=\"3211f4b\" data-element_type=\"widget\" data-e-type=\"widget\" data-widget_type=\"image.default\">\n\t\t\t\t\t\t\t\t\t\t\t\t\t\t\t<img loading=\"lazy\" decoding=\"async\" width=\"36\" height=\"30\" src=\"https:\/\/connectify.events\/wp-content\/uploads\/2025\/10\/7-1.png\" class=\"attachment-medium_large size-medium_large wp-image-22255\" alt=\"Imagen Checkin Y Controles De Acceso\" srcset=\"https:\/\/connectify.events\/wp-content\/uploads\/2025\/10\/7-1.png 36w, https:\/\/connectify.events\/wp-content\/uploads\/2025\/10\/7-1-14x12.png 14w\" sizes=\"auto, (max-width: 36px) 100vw, 36px\" \/>\t\t\t\t\t\t\t\t\t\t\t\t\t\t\t<\/div>\n\t\t\t\t<div class=\"elementor-element elementor-element-cd5364a elementor-widget elementor-widget-text-editor\" data-id=\"cd5364a\" data-element_type=\"widget\" data-e-type=\"widget\" data-widget_type=\"text-editor.default\">\n\t\t\t\t\t\t\t\t\t<p><span style=\"font-weight: 400;\"><b>AI-powered campaigns:<\/b>advanced segmentation, chatbots for support, and smart remarketing.<\/span><\/p>\t\t\t\t\t\t\t\t<\/div>\n\t\t\t\t<\/div>\n\t\t<div class=\"elementor-element elementor-element-dff5b84 e-con-full e-flex e-con e-child\" data-id=\"dff5b84\" data-element_type=\"container\" data-e-type=\"container\">\n\t\t\t\t<div class=\"elementor-element elementor-element-a816cd7 elementor-widget__width-initial elementor-widget-tablet_extra__width-initial elementor-widget elementor-widget-image\" data-id=\"a816cd7\" data-element_type=\"widget\" data-e-type=\"widget\" data-widget_type=\"image.default\">\n\t\t\t\t\t\t\t\t\t\t\t\t\t\t\t<img loading=\"lazy\" decoding=\"async\" width=\"36\" height=\"30\" src=\"https:\/\/connectify.events\/wp-content\/uploads\/2025\/10\/8-1-1.png\" class=\"attachment-full size-full wp-image-22244\" alt=\"Imagen Checkin Y Controles De Acceso\" srcset=\"https:\/\/connectify.events\/wp-content\/uploads\/2025\/10\/8-1-1.png 36w, https:\/\/connectify.events\/wp-content\/uploads\/2025\/10\/8-1-1-14x12.png 14w\" sizes=\"auto, (max-width: 36px) 100vw, 36px\" \/>\t\t\t\t\t\t\t\t\t\t\t\t\t\t\t<\/div>\n\t\t\t\t<div class=\"elementor-element elementor-element-bbfee39 elementor-widget elementor-widget-text-editor\" data-id=\"bbfee39\" data-element_type=\"widget\" data-e-type=\"widget\" data-widget_type=\"text-editor.default\">\n\t\t\t\t\t\t\t\t\t<p><span style=\"font-weight: 400;\"><b>Teaser and promotional audiovisual content<\/b>designed to capture attention on social media.<\/span><\/p>\t\t\t\t\t\t\t\t<\/div>\n\t\t\t\t<\/div>\n\t\t<div class=\"elementor-element elementor-element-80d8032 e-con-full e-flex e-con e-child\" data-id=\"80d8032\" data-element_type=\"container\" data-e-type=\"container\">\n\t\t\t\t<div class=\"elementor-element elementor-element-9e9bb74 elementor-widget__width-initial elementor-widget-tablet_extra__width-initial elementor-widget elementor-widget-image\" data-id=\"9e9bb74\" data-element_type=\"widget\" data-e-type=\"widget\" data-widget_type=\"image.default\">\n\t\t\t\t\t\t\t\t\t\t\t\t\t\t\t<img loading=\"lazy\" decoding=\"async\" width=\"36\" height=\"30\" src=\"https:\/\/connectify.events\/wp-content\/uploads\/2025\/10\/9-1.png\" class=\"attachment-full size-full wp-image-22257\" alt=\"Imagen Checkin Y Controles De Acceso\" srcset=\"https:\/\/connectify.events\/wp-content\/uploads\/2025\/10\/9-1.png 36w, https:\/\/connectify.events\/wp-content\/uploads\/2025\/10\/9-1-14x12.png 14w\" sizes=\"auto, (max-width: 36px) 100vw, 36px\" \/>\t\t\t\t\t\t\t\t\t\t\t\t\t\t\t<\/div>\n\t\t\t\t<div class=\"elementor-element elementor-element-98ab790 elementor-widget elementor-widget-text-editor\" data-id=\"98ab790\" data-element_type=\"widget\" data-e-type=\"widget\" data-widget_type=\"text-editor.default\">\n\t\t\t\t\t\t\t\t\t<p><span style=\"font-weight: 400;\"><b>Phygital engagement strategies,<\/b>integrating gamification and interactive pre-event experiences.<\/span><\/p>\t\t\t\t\t\t\t\t<\/div>\n\t\t\t\t<\/div>\n\t\t\t\t<\/div>\n\t\t\t\t<\/div>\n\t\t\t\t<\/div>\n\t\t\t\t<\/div>\n\t\t<div class=\"elementor-element elementor-element-d0bfa5e e-con-full e-flex e-con e-child\" data-id=\"d0bfa5e\" data-element_type=\"container\" data-e-type=\"container\">\n\t\t<div class=\"elementor-element elementor-element-1df7e6d e-con-full e-flex e-con e-child\" data-id=\"1df7e6d\" data-element_type=\"container\" data-e-type=\"container\">\n\t\t\t\t<div class=\"elementor-element elementor-element-7cd1782 elementor-widget-tablet_extra__width-initial elementor-widget elementor-widget-image\" data-id=\"7cd1782\" data-element_type=\"widget\" data-e-type=\"widget\" data-widget_type=\"image.default\">\n\t\t\t\t\t\t\t\t\t\t\t\t\t\t\t<img loading=\"lazy\" decoding=\"async\" width=\"768\" height=\"660\" src=\"https:\/\/connectify.events\/wp-content\/uploads\/2025\/10\/Comunicacion2-1-768x660.png\" class=\"attachment-infetech_thumbnail size-infetech_thumbnail wp-image-22679\" alt=\"Comunicacion Marketing, Comunicaciones Y Convocatoria\" srcset=\"https:\/\/connectify.events\/wp-content\/uploads\/2025\/10\/Comunicacion2-1-768x660.png 768w, https:\/\/connectify.events\/wp-content\/uploads\/2025\/10\/Comunicacion2-1-13x12.png 13w\" sizes=\"auto, (max-width: 768px) 100vw, 768px\" \/>\t\t\t\t\t\t\t\t\t\t\t\t\t\t\t<\/div>\n\t\t\t\t<\/div>\n\t\t\t\t<\/div>\n\t\t\t\t\t<\/div>\n\t\t\t\t<\/div>\n\t\t<div class=\"elementor-element elementor-element-8a5a905 ovartl-bg-bottom-left e-flex e-con-boxed elementor-invisible e-con e-parent\" data-id=\"8a5a905\" data-element_type=\"container\" data-e-type=\"container\" data-settings=\"{&quot;background_background&quot;:&quot;classic&quot;,&quot;animation&quot;:&quot;fadeIn&quot;}\">\n\t\t\t\t\t<div class=\"e-con-inner\">\n\t\t<div class=\"elementor-element elementor-element-8446667 e-con-full e-flex e-con e-child\" data-id=\"8446667\" data-element_type=\"container\" data-e-type=\"container\">\n\t\t\t\t<div class=\"elementor-element elementor-element-6201c1f elementor-widget elementor-widget-heading\" data-id=\"6201c1f\" data-element_type=\"widget\" data-e-type=\"widget\" data-widget_type=\"heading.default\">\n\t\t\t\t\t<h2 class=\"elementor-heading-title elementor-size-default\">Boost your event reach with cutting-edge, measurable, and sustainable strategies that ensure maximum visibility and successful participation.\n<\/h2>\t\t\t\t<\/div>\n\t\t\t\t<div class=\"elementor-element elementor-element-3577c6a elementor-widget elementor-widget-heading\" data-id=\"3577c6a\" data-element_type=\"widget\" data-e-type=\"widget\" data-widget_type=\"heading.default\">\n\t\t\t\t\t<p class=\"elementor-heading-title elementor-size-default\">\ud83d\udc49 Get a quote for your event marketing and outreach strategy here.\n<\/p>\t\t\t\t<\/div>\n\t\t\t\t<\/div>\n\t\t<div class=\"elementor-element elementor-element-17cd483 e-con-full e-flex e-con e-child\" data-id=\"17cd483\" data-element_type=\"container\" data-e-type=\"container\">\n\t\t<div class=\"elementor-element elementor-element-1e402d8 e-con-full e-flex e-con e-child\" data-id=\"1e402d8\" data-element_type=\"container\" data-e-type=\"container\">\n\t\t\t\t<div class=\"elementor-element elementor-element-9c8a713 elementor-widget elementor-widget-hubspot-form\" data-id=\"9c8a713\" data-element_type=\"widget\" data-e-type=\"widget\" data-widget_type=\"hubspot-form.default\">\n\t\t\t\t<div class=\"elementor-widget-container\">\n\t\t\t\t\t\n\t\t\t<div\n\t\t\tclass=\"hs-form-frame\"\n\t\t\tdata-region=\"na1\"\n\t\t\tdata-form-id=\"26bfef13-c5fd-4a1c-867c-9abc354ef8f0\"\n\t\t\tdata-portal-id=\"48481434\"\n\t\t\t >\n\t\t\t<\/div>\n\t\t\t\t\t\t\t<\/div>\n\t\t\t\t<\/div>\n\t\t\t\t<\/div>\n\t\t\t\t<\/div>\n\t\t\t\t\t<\/div>\n\t\t\t\t<\/div>\n\t\t\t\t<\/div>","protected":false},"excerpt":{"rendered":"<p>Marketing, Comunicaciones y Convocatoria Impulsa tu evento con estrategia y comunicaci\u00f3n En Connectify sabemos que el \u00e9xito de un evento comienza mucho antes de su apertura. Por eso ofrecemos un servicio integral de Marketing, comunicaciones y convocatoria, que combina creatividad, estrategia y tecnolog\u00eda para asegurar la m\u00e1xima visibilidad y asistencia. Nuestro equipo de expertos dise\u00f1a [&hellip;]<\/p>\n","protected":false},"author":1,"featured_media":0,"parent":0,"menu_order":0,"comment_status":"closed","ping_status":"closed","template":"elementor_header_footer","meta":{"_acf_changed":false,"content-type":"","footnotes":""},"class_list":["post-22029","page","type-page","status-publish","hentry"],"acf":[],"_links":{"self":[{"href":"https:\/\/connectify.events\/en\/wp-json\/wp\/v2\/pages\/22029","targetHints":{"allow":["GET"]}}],"collection":[{"href":"https:\/\/connectify.events\/en\/wp-json\/wp\/v2\/pages"}],"about":[{"href":"https:\/\/connectify.events\/en\/wp-json\/wp\/v2\/types\/page"}],"author":[{"embeddable":true,"href":"https:\/\/connectify.events\/en\/wp-json\/wp\/v2\/users\/1"}],"replies":[{"embeddable":true,"href":"https:\/\/connectify.events\/en\/wp-json\/wp\/v2\/comments?post=22029"}],"version-history":[{"count":49,"href":"https:\/\/connectify.events\/en\/wp-json\/wp\/v2\/pages\/22029\/revisions"}],"predecessor-version":[{"id":22723,"href":"https:\/\/connectify.events\/en\/wp-json\/wp\/v2\/pages\/22029\/revisions\/22723"}],"wp:attachment":[{"href":"https:\/\/connectify.events\/en\/wp-json\/wp\/v2\/media?parent=22029"}],"curies":[{"name":"wp","href":"https:\/\/api.w.org\/{rel}","templated":true}]}}