{"id":15494,"date":"2024-01-19T04:26:40","date_gmt":"2024-01-19T04:26:40","guid":{"rendered":"https:\/\/connectify.events\/?page_id=15494"},"modified":"2026-03-12T19:10:49","modified_gmt":"2026-03-12T19:10:49","slug":"donde-se-puede-emplear-connectify","status":"publish","type":"page","link":"https:\/\/connectify.events\/en\/donde-se-puede-emplear-connectify\/","title":{"rendered":"Where can you use Connectify?"},"content":{"rendered":"<div data-elementor-type=\"wp-page\" data-elementor-id=\"15494\" class=\"elementor elementor-15494\" data-elementor-post-type=\"page\">\n\t\t\t\t<div class=\"elementor-element elementor-element-6775878 e-flex e-con-boxed e-con e-parent\" data-id=\"6775878\" data-element_type=\"container\" data-e-type=\"container\" data-settings=\"{&quot;background_background&quot;:&quot;classic&quot;}\">\n\t\t\t\t\t<div class=\"e-con-inner\">\n\t\t\t\t<div class=\"elementor-element elementor-element-cba78ff elementor-widget__width-initial elementor-widget elementor-widget-heading\" data-id=\"cba78ff\" data-element_type=\"widget\" data-e-type=\"widget\" data-widget_type=\"heading.default\">\n\t\t\t\t\t<h1 class=\"elementor-heading-title elementor-size-default\">Where can you use Connectify?<\/h1>\t\t\t\t<\/div>\n\t\t\t\t\t<\/div>\n\t\t\t\t<\/div>\n\t\t\t\t<section class=\"elementor-section elementor-top-section elementor-element elementor-element-3d83ed7 elementor-section-boxed elementor-section-height-default elementor-section-height-default\" data-id=\"3d83ed7\" data-element_type=\"section\" data-e-type=\"section\">\n\t\t\t\t\t\t<div class=\"elementor-container elementor-column-gap-default\">\n\t\t\t\t\t<div class=\"elementor-column elementor-col-100 elementor-top-column elementor-element elementor-element-718540a\" data-id=\"718540a\" data-element_type=\"column\" data-e-type=\"column\">\n\t\t\t<div class=\"elementor-widget-wrap elementor-element-populated\">\n\t\t\t\t\t\t<div class=\"elementor-element elementor-element-445de68 elementor-widget elementor-widget-infetech_elementor_heading\" data-id=\"445de68\" data-element_type=\"widget\" data-e-type=\"widget\" data-widget_type=\"infetech_elementor_heading.default\">\n\t\t\t\t<div class=\"elementor-widget-container\">\n\t\t\t\t\t\n\t\t\t<div class=\"ova-heading\">\n\t\t\t\t\n\t\t\t\t\t\t\t\t\t<h2 class=\"sub-title\">\n\t\t\t\t\t\t<span class=\"underlined\"><\/span>\n\t\t\t\t\t\tWe transform any type of event into an unforgettable experience.\t\t\t\t\t<\/h2>\t\n\t\t\t\t\n\t\t\t\t\n\t\t\t\t\t<h3 class=\"title\">\t\t\t\t\t\t\t\t\t\t\t\t\tConnectify adapts to face-to-face, virtual or hybrid events, facilitating their management in an agile and professional manner.\t\t\t\t\t\t\t\t\t\t\t<\/h3>\n                \n                \n\t\t\t<\/div>\n\n\t\t\t\t\t\t<\/div>\n\t\t\t\t<\/div>\n\t\t\t\t<div class=\"elementor-element elementor-element-d95940a elementor-widget elementor-widget-infetech_elementor_road_map\" data-id=\"d95940a\" data-element_type=\"widget\" data-e-type=\"widget\" data-widget_type=\"infetech_elementor_road_map.default\">\n\t\t\t\t<div class=\"elementor-widget-container\">\n\t\t\t\t\t\n\t\t<div class=\"ova-road-map template_1\">\n\t\t\t<div class=\"road-map-wrapper\">\n\n\t\t\t\t\t\t\t\t\t<div class=\"timeline-column\">\n\t\t\t\t\t\t\t\t\t\t\t\t\t\t\t\t\t\t\t\t\t<div class=\"timeline-item timeline-item-left active\">\n\t\t\t\t\t\t\t\t\t<div class=\"timeline-image\">\n\t\t\t\t\t\t\t\t\t\t<img decoding=\"async\" src=\"https:\/\/connectify.events\/wp-content\/uploads\/2025\/06\/imagenes-de-silueta-de-produccion-de-video-detras-de-escena-o-broll-1.png\" alt=\"Imagenes De Silueta De Produccion De Video Detras De Escena O Broll \u00bfD\u00f3nde Se Puede Emplear Connectify?\"\n\t\t\t\t\t\t\t\t\t\ttitle=\"Imagenes De Silueta De Produccion De Video Detras De Escena O Broll \u00bfD\u00f3nde Se Puede Emplear Connectify?\">\n\t\t\t\t\t\t\t\t\t<\/div>\n\t\t\t\t\t\t\t\t\t<div class=\"timeline-info\">\n\t\t\t\t\t\t\t\t\t\t<div class=\"content-info ova-invisible\" \n\t\t\t\t\t\t\t\t\t\t\tdata-animation='{\"animation\":\"fadeIn\",\"duration\":\"\",\"delay\":\"\"}'>\n\n\t\t\t\t\t\t\t\t\t\t\t\t\t\t\t\t\t\t\t\t\t\t\t<div class=\"date\">\n\t\t\t\t\t\t\t\t\t\t\t\t\tLorem ipsum dolor sit amet\t\t\t\t\t\t\t\t\t\t\t\t<\/div>\n\t\t\t\t\t\t\t\t\t\t\t\t\t\t\t\t\t\t\t\t\t\t<div class=\"timeline-content\">\n\t\t\t\t\t\t\t\t\t\t\t\t<h3 class=\"title\">Launches<\/h3>\n\t\t\t\t\t\t\t\t\t\t\t\t<p class=\"desc\">Information on what type of companies and events may require this type of format.<\/p>\n\t\t\t\t\t\t\t\t\t\t\t<\/div>\n\t\t\t\t\t\t\t\t\t\t<\/div>\n\t\t\t\t\t\t\t\t\t<\/div>\n\t\t\t\t\t\t\t\t<\/div>\n\t\t\t\t\t\t\t\t\t\t\t\t\t\t\t\t\t\t\t\t\t\t<div class=\"timeline-item timeline-item-right active\">\n\t\t\t\t\t\t\t\t\t<div class=\"timeline-info\">\n\t\t\t\t\t\t\t\t\t\t<div class=\"content-info ova-invisible\" \n\t\t\t\t\t\t\t\t\t\tdata-animation='{\"animation\":\"fadeIn\",\"duration\":\"\",\"delay\":\"\"}'>\n\n\t\t\t\t\t\t\t\t\t\t\t\t\t\t\t\t\t\t\t\t\t\t\t<div class=\"date\">\n\t\t\t\t\t\t\t\t\t\t\t\t\tLorem ipsum dolor sit amet\t\t\t\t\t\t\t\t\t\t\t\t<\/div>\n\t\t\t\t\t\t\t\t\t\t\t\n\t\t\t\t\t\t\t\t\t\t\t<div class=\"timeline-content\">\n\t\t\t\t\t\t\t\t\t\t\t\t<h3 class=\"title\">Assemblies<\/h3>\n\t\t\t\t\t\t\t\t\t\t\t\t<p class=\"desc\">Information on what type of companies and events may require this type of format.<\/p>\n\t\t\t\t\t\t\t\t\t\t\t<\/div>\n\t\t\t\t\t\t\t\t\t\t<\/div>\n\t\t\t\t\t\t\t\t\t<\/div>\n\t\t\t\t\t\t\t\t\t<div class=\"timeline-image\">\n\t\t\t\t\t\t\t\t\t\t<img decoding=\"async\" src=\"https:\/\/connectify.events\/wp-content\/uploads\/2025\/06\/imagenes-de-silueta-de-produccion-de-video-detras-de-escena-o-broll-1.png\" alt=\"Imagenes De Silueta De Produccion De Video Detras De Escena O Broll \u00bfD\u00f3nde Se Puede Emplear Connectify?\">\n\t\t\t\t\t\t\t\t\t<\/div>\n\t\t\t\t\t\t\t\t<\/div>\n\t\t\t\t\t\t\t\t\t\t\t\t\t\t\t\t\t\t\t\t\t<div class=\"timeline-item timeline-item-left active\">\n\t\t\t\t\t\t\t\t\t<div class=\"timeline-image\">\n\t\t\t\t\t\t\t\t\t\t<img decoding=\"async\" src=\"https:\/\/connectify.events\/wp-content\/uploads\/2025\/06\/imagenes-de-silueta-de-produccion-de-video-detras-de-escena-o-broll-1.png\" alt=\"Imagenes De Silueta De Produccion De Video Detras De Escena O Broll \u00bfD\u00f3nde Se Puede Emplear Connectify?\"\n\t\t\t\t\t\t\t\t\t\ttitle=\"Imagenes De Silueta De Produccion De Video Detras De Escena O Broll \u00bfD\u00f3nde Se Puede Emplear Connectify?\">\n\t\t\t\t\t\t\t\t\t<\/div>\n\t\t\t\t\t\t\t\t\t<div class=\"timeline-info\">\n\t\t\t\t\t\t\t\t\t\t<div class=\"content-info ova-invisible\" \n\t\t\t\t\t\t\t\t\t\t\tdata-animation='{\"animation\":\"fadeIn\",\"duration\":\"\",\"delay\":\"\"}'>\n\n\t\t\t\t\t\t\t\t\t\t\t\t\t\t\t\t\t\t\t\t\t\t\t<div class=\"date\">\n\t\t\t\t\t\t\t\t\t\t\t\t\tLorem ipsum dolor sit amet\t\t\t\t\t\t\t\t\t\t\t\t<\/div>\n\t\t\t\t\t\t\t\t\t\t\t\t\t\t\t\t\t\t\t\t\t\t<div class=\"timeline-content\">\n\t\t\t\t\t\t\t\t\t\t\t\t<h3 class=\"title\">Seminars<\/h3>\n\t\t\t\t\t\t\t\t\t\t\t\t<p class=\"desc\">Information on what type of companies and events may require this type of format.<\/p>\n\t\t\t\t\t\t\t\t\t\t\t<\/div>\n\t\t\t\t\t\t\t\t\t\t<\/div>\n\t\t\t\t\t\t\t\t\t<\/div>\n\t\t\t\t\t\t\t\t<\/div>\n\t\t\t\t\t\t\t\t\t\t\t\t\t\t\t\t\t\t\t\t\t\t<div class=\"timeline-item timeline-item-right active\">\n\t\t\t\t\t\t\t\t\t<div class=\"timeline-info\">\n\t\t\t\t\t\t\t\t\t\t<div class=\"content-info ova-invisible\" \n\t\t\t\t\t\t\t\t\t\tdata-animation='{\"animation\":\"fadeIn\",\"duration\":\"\",\"delay\":\"\"}'>\n\n\t\t\t\t\t\t\t\t\t\t\t\t\t\t\t\t\t\t\t\t\t\t\t<div class=\"date\">\n\t\t\t\t\t\t\t\t\t\t\t\t\tLorem ipsum dolor sit amet\t\t\t\t\t\t\t\t\t\t\t\t<\/div>\n\t\t\t\t\t\t\t\t\t\t\t\n\t\t\t\t\t\t\t\t\t\t\t<div class=\"timeline-content\">\n\t\t\t\t\t\t\t\t\t\t\t\t<h3 class=\"title\">Launches<\/h3>\n\t\t\t\t\t\t\t\t\t\t\t\t<p class=\"desc\">Information on what type of companies and events may require this type of format.<\/p>\n\t\t\t\t\t\t\t\t\t\t\t<\/div>\n\t\t\t\t\t\t\t\t\t\t<\/div>\n\t\t\t\t\t\t\t\t\t<\/div>\n\t\t\t\t\t\t\t\t\t<div class=\"timeline-image\">\n\t\t\t\t\t\t\t\t\t\t<img decoding=\"async\" src=\"https:\/\/connectify.events\/wp-content\/uploads\/2025\/06\/imagenes-de-silueta-de-produccion-de-video-detras-de-escena-o-broll-1.png\" alt=\"Imagenes De Silueta De Produccion De Video Detras De Escena O Broll \u00bfD\u00f3nde Se Puede Emplear Connectify?\">\n\t\t\t\t\t\t\t\t\t<\/div>\n\t\t\t\t\t\t\t\t<\/div>\n\t\t\t\t\t\t\t\t\t\t\t\t\t\t\t\t\t\t\t\t\t<div class=\"timeline-item timeline-item-left active\">\n\t\t\t\t\t\t\t\t\t<div class=\"timeline-image\">\n\t\t\t\t\t\t\t\t\t\t<img decoding=\"async\" src=\"https:\/\/connectify.events\/wp-content\/uploads\/2025\/06\/imagenes-de-silueta-de-produccion-de-video-detras-de-escena-o-broll-1.png\" alt=\"Imagenes De Silueta De Produccion De Video Detras De Escena O Broll \u00bfD\u00f3nde Se Puede Emplear Connectify?\"\n\t\t\t\t\t\t\t\t\t\ttitle=\"Imagenes De Silueta De Produccion De Video Detras De Escena O Broll \u00bfD\u00f3nde Se Puede Emplear Connectify?\">\n\t\t\t\t\t\t\t\t\t<\/div>\n\t\t\t\t\t\t\t\t\t<div class=\"timeline-info\">\n\t\t\t\t\t\t\t\t\t\t<div class=\"content-info ova-invisible\" \n\t\t\t\t\t\t\t\t\t\t\tdata-animation='{\"animation\":\"fadeIn\",\"duration\":\"\",\"delay\":\"\"}'>\n\n\t\t\t\t\t\t\t\t\t\t\t\t\t\t\t\t\t\t\t\t\t\t\t<div class=\"date\">\n\t\t\t\t\t\t\t\t\t\t\t\t\tLorem ipsum dolor sit amet\t\t\t\t\t\t\t\t\t\t\t\t<\/div>\n\t\t\t\t\t\t\t\t\t\t\t\t\t\t\t\t\t\t\t\t\t\t<div class=\"timeline-content\">\n\t\t\t\t\t\t\t\t\t\t\t\t<h3 class=\"title\">Congresses<\/h3>\n\t\t\t\t\t\t\t\t\t\t\t\t<p class=\"desc\">Information on what type of companies and events may require this type of format.<\/p>\n\t\t\t\t\t\t\t\t\t\t\t<\/div>\n\t\t\t\t\t\t\t\t\t\t<\/div>\n\t\t\t\t\t\t\t\t\t<\/div>\n\t\t\t\t\t\t\t\t<\/div>\n\t\t\t\t\t\t\t\t\t\t\t\t\t\t\t\t\t\t\t\t\t\t<div class=\"timeline-item timeline-item-right active\">\n\t\t\t\t\t\t\t\t\t<div class=\"timeline-info\">\n\t\t\t\t\t\t\t\t\t\t<div class=\"content-info ova-invisible\" \n\t\t\t\t\t\t\t\t\t\tdata-animation='{\"animation\":\"fadeIn\",\"duration\":\"\",\"delay\":\"\"}'>\n\n\t\t\t\t\t\t\t\t\t\t\t\t\t\t\t\t\t\t\t\t\t\t\t<div class=\"date\">\n\t\t\t\t\t\t\t\t\t\t\t\t\tLorem ipsum dolor sit amet\t\t\t\t\t\t\t\t\t\t\t\t<\/div>\n\t\t\t\t\t\t\t\t\t\t\t\n\t\t\t\t\t\t\t\t\t\t\t<div class=\"timeline-content\">\n\t\t\t\t\t\t\t\t\t\t\t\t<h3 class=\"title\">Fairs<\/h3>\n\t\t\t\t\t\t\t\t\t\t\t\t<p class=\"desc\">Information on what type of companies and events may require this type of format.<\/p>\n\t\t\t\t\t\t\t\t\t\t\t<\/div>\n\t\t\t\t\t\t\t\t\t\t<\/div>\n\t\t\t\t\t\t\t\t\t<\/div>\n\t\t\t\t\t\t\t\t\t<div class=\"timeline-image\">\n\t\t\t\t\t\t\t\t\t\t<img decoding=\"async\" src=\"https:\/\/connectify.events\/wp-content\/uploads\/2025\/06\/imagenes-de-silueta-de-produccion-de-video-detras-de-escena-o-broll-1.png\" alt=\"Imagenes De Silueta De Produccion De Video Detras De Escena O Broll \u00bfD\u00f3nde Se Puede Emplear Connectify?\">\n\t\t\t\t\t\t\t\t\t<\/div>\n\t\t\t\t\t\t\t\t<\/div>\n\t\t\t\t\t\t\t\t\t\t\t\t\t\t\t\t\t\t\t\t\t<div class=\"timeline-item timeline-item-left active\">\n\t\t\t\t\t\t\t\t\t<div class=\"timeline-image\">\n\t\t\t\t\t\t\t\t\t\t<img decoding=\"async\" src=\"https:\/\/connectify.events\/wp-content\/uploads\/2025\/06\/imagenes-de-silueta-de-produccion-de-video-detras-de-escena-o-broll-1.png\" alt=\"Imagenes De Silueta De Produccion De Video Detras De Escena O Broll \u00bfD\u00f3nde Se Puede Emplear Connectify?\"\n\t\t\t\t\t\t\t\t\t\ttitle=\"Imagenes De Silueta De Produccion De Video Detras De Escena O Broll \u00bfD\u00f3nde Se Puede Emplear Connectify?\">\n\t\t\t\t\t\t\t\t\t<\/div>\n\t\t\t\t\t\t\t\t\t<div class=\"timeline-info\">\n\t\t\t\t\t\t\t\t\t\t<div class=\"content-info ova-invisible\" \n\t\t\t\t\t\t\t\t\t\t\tdata-animation='{\"animation\":\"fadeIn\",\"duration\":\"\",\"delay\":\"\"}'>\n\n\t\t\t\t\t\t\t\t\t\t\t\t\t\t\t\t\t\t\t\t\t\t\t<div class=\"date\">\n\t\t\t\t\t\t\t\t\t\t\t\t\tLorem ipsum dolor sit amet\t\t\t\t\t\t\t\t\t\t\t\t<\/div>\n\t\t\t\t\t\t\t\t\t\t\t\t\t\t\t\t\t\t\t\t\t\t<div class=\"timeline-content\">\n\t\t\t\t\t\t\t\t\t\t\t\t<h3 class=\"title\">Conventions<\/h3>\n\t\t\t\t\t\t\t\t\t\t\t\t<p class=\"desc\">Information on what type of companies and events may require this type of format.<\/p>\n\t\t\t\t\t\t\t\t\t\t\t<\/div>\n\t\t\t\t\t\t\t\t\t\t<\/div>\n\t\t\t\t\t\t\t\t\t<\/div>\n\t\t\t\t\t\t\t\t<\/div>\n\t\t\t\t\t\t\t\t\t\t\t\t\t\t\t\t\t\t\t\t\t\t<div class=\"timeline-item timeline-item-right active\">\n\t\t\t\t\t\t\t\t\t<div class=\"timeline-info\">\n\t\t\t\t\t\t\t\t\t\t<div class=\"content-info ova-invisible\" \n\t\t\t\t\t\t\t\t\t\tdata-animation='{\"animation\":\"fadeIn\",\"duration\":\"\",\"delay\":\"\"}'>\n\n\t\t\t\t\t\t\t\t\t\t\t\t\t\t\t\t\t\t\t\t\t\t\t<div class=\"date\">\n\t\t\t\t\t\t\t\t\t\t\t\t\tLorem ipsum dolor sit amet\t\t\t\t\t\t\t\t\t\t\t\t<\/div>\n\t\t\t\t\t\t\t\t\t\t\t\n\t\t\t\t\t\t\t\t\t\t\t<div class=\"timeline-content\">\n\t\t\t\t\t\t\t\t\t\t\t\t<h3 class=\"title\">Conferences<\/h3>\n\t\t\t\t\t\t\t\t\t\t\t\t<p class=\"desc\">Information on what type of companies and events may require this type of format.<\/p>\n\t\t\t\t\t\t\t\t\t\t\t<\/div>\n\t\t\t\t\t\t\t\t\t\t<\/div>\n\t\t\t\t\t\t\t\t\t<\/div>\n\t\t\t\t\t\t\t\t\t<div class=\"timeline-image\">\n\t\t\t\t\t\t\t\t\t\t<img decoding=\"async\" src=\"https:\/\/connectify.events\/wp-content\/uploads\/2025\/06\/imagenes-de-silueta-de-produccion-de-video-detras-de-escena-o-broll-1.png\" alt=\"Imagenes De Silueta De Produccion De Video Detras De Escena O Broll \u00bfD\u00f3nde Se Puede Emplear Connectify?\">\n\t\t\t\t\t\t\t\t\t<\/div>\n\t\t\t\t\t\t\t\t<\/div>\n\t\t\t\t\t\t\t\t\t\t\t\t\t\t\t\t\t\t\t\t\t<div class=\"timeline-item timeline-item-left active\">\n\t\t\t\t\t\t\t\t\t<div class=\"timeline-image\">\n\t\t\t\t\t\t\t\t\t\t<img decoding=\"async\" src=\"https:\/\/connectify.events\/wp-content\/uploads\/2025\/06\/imagenes-de-silueta-de-produccion-de-video-detras-de-escena-o-broll-1.png\" alt=\"Imagenes De Silueta De Produccion De Video Detras De Escena O Broll \u00bfD\u00f3nde Se Puede Emplear Connectify?\"\n\t\t\t\t\t\t\t\t\t\ttitle=\"Imagenes De Silueta De Produccion De Video Detras De Escena O Broll \u00bfD\u00f3nde Se Puede Emplear Connectify?\">\n\t\t\t\t\t\t\t\t\t<\/div>\n\t\t\t\t\t\t\t\t\t<div class=\"timeline-info\">\n\t\t\t\t\t\t\t\t\t\t<div class=\"content-info ova-invisible\" \n\t\t\t\t\t\t\t\t\t\t\tdata-animation='{\"animation\":\"fadeIn\",\"duration\":\"\",\"delay\":\"\"}'>\n\n\t\t\t\t\t\t\t\t\t\t\t\t\t\t\t\t\t\t\t\t\t\t\t<div class=\"date\">\n\t\t\t\t\t\t\t\t\t\t\t\t\tLorem ipsum dolor sit amet\t\t\t\t\t\t\t\t\t\t\t\t<\/div>\n\t\t\t\t\t\t\t\t\t\t\t\t\t\t\t\t\t\t\t\t\t\t<div class=\"timeline-content\">\n\t\t\t\t\t\t\t\t\t\t\t\t<h3 class=\"title\">Business Matchmaking<\/h3>\n\t\t\t\t\t\t\t\t\t\t\t\t<p class=\"desc\">Information on what type of companies and events may require this type of format.<\/p>\n\t\t\t\t\t\t\t\t\t\t\t<\/div>\n\t\t\t\t\t\t\t\t\t\t<\/div>\n\t\t\t\t\t\t\t\t\t<\/div>\n\t\t\t\t\t\t\t\t<\/div>\n\t\t\t\t\t\t\t\t\t\t\t\t\t\t\t\t\t\t\t\t\t\t<div class=\"timeline-item timeline-item-right active\">\n\t\t\t\t\t\t\t\t\t<div class=\"timeline-info\">\n\t\t\t\t\t\t\t\t\t\t<div class=\"content-info ova-invisible\" \n\t\t\t\t\t\t\t\t\t\tdata-animation='{\"animation\":\"fadeIn\",\"duration\":\"\",\"delay\":\"\"}'>\n\n\t\t\t\t\t\t\t\t\t\t\t\t\t\t\t\t\t\t\t\t\t\t\t<div class=\"date\">\n\t\t\t\t\t\t\t\t\t\t\t\t\tLorem ipsum dolor sit amet\t\t\t\t\t\t\t\t\t\t\t\t<\/div>\n\t\t\t\t\t\t\t\t\t\t\t\n\t\t\t\t\t\t\t\t\t\t\t<div class=\"timeline-content\">\n\t\t\t\t\t\t\t\t\t\t\t\t<h3 class=\"title\">Streaming<\/h3>\n\t\t\t\t\t\t\t\t\t\t\t\t<p class=\"desc\">Information on what type of companies and events may require this type of format.<\/p>\n\t\t\t\t\t\t\t\t\t\t\t<\/div>\n\t\t\t\t\t\t\t\t\t\t<\/div>\n\t\t\t\t\t\t\t\t\t<\/div>\n\t\t\t\t\t\t\t\t\t<div class=\"timeline-image\">\n\t\t\t\t\t\t\t\t\t\t<img decoding=\"async\" src=\"https:\/\/connectify.events\/wp-content\/uploads\/2025\/06\/imagenes-de-silueta-de-produccion-de-video-detras-de-escena-o-broll-1.png\" alt=\"Imagenes De Silueta De Produccion De Video Detras De Escena O Broll \u00bfD\u00f3nde Se Puede Emplear Connectify?\">\n\t\t\t\t\t\t\t\t\t<\/div>\n\t\t\t\t\t\t\t\t<\/div>\n\t\t\t\t\t\t\t\t\t\t\t<\/div>\n\t\t\t\t\n\t\t\t<\/div>\n\t\t<\/div>\n\t\t \t\n\t\t\t\t\t\t<\/div>\n\t\t\t\t<\/div>\n\t\t\t\t<div class=\"elementor-element elementor-element-daf63bc elementor-widget elementor-widget-heading\" data-id=\"daf63bc\" data-element_type=\"widget\" data-e-type=\"widget\" data-widget_type=\"heading.default\">\n\t\t\t\t\t<h2 class=\"elementor-heading-title elementor-size-default\">And much more\u2026<\/h2>\t\t\t\t<\/div>\n\t\t\t\t\t<\/div>\n\t\t<\/div>\n\t\t\t\t\t<\/div>\n\t\t<\/section>\n\t\t\t\t<\/div>","protected":false},"excerpt":{"rendered":"<p>\u00bfD\u00f3nde se puede emplear Connectify? Transformamos cualquier tipo de evento en una experiencia inolvidable. Connectify se adapta a eventos presenciales, virtuales o h\u00edbridos, facilitando su gesti\u00f3n de forma \u00e1gil y profesional. Lorem ipsum dolor sit amet Lanzamientos Informaci\u00f3n sobre qu\u00e9 tipo de empresas y eventos pueden requerir este tipo de formato. Lorem ipsum dolor sit [&hellip;]<\/p>\n","protected":false},"author":1,"featured_media":20368,"parent":0,"menu_order":0,"comment_status":"closed","ping_status":"closed","template":"elementor_header_footer","meta":{"_acf_changed":false,"content-type":"","footnotes":""},"class_list":["post-15494","page","type-page","status-publish","has-post-thumbnail","hentry"],"acf":[],"_links":{"self":[{"href":"https:\/\/connectify.events\/en\/wp-json\/wp\/v2\/pages\/15494","targetHints":{"allow":["GET"]}}],"collection":[{"href":"https:\/\/connectify.events\/en\/wp-json\/wp\/v2\/pages"}],"about":[{"href":"https:\/\/connectify.events\/en\/wp-json\/wp\/v2\/types\/page"}],"author":[{"embeddable":true,"href":"https:\/\/connectify.events\/en\/wp-json\/wp\/v2\/users\/1"}],"replies":[{"embeddable":true,"href":"https:\/\/connectify.events\/en\/wp-json\/wp\/v2\/comments?post=15494"}],"version-history":[{"count":3,"href":"https:\/\/connectify.events\/en\/wp-json\/wp\/v2\/pages\/15494\/revisions"}],"predecessor-version":[{"id":22757,"href":"https:\/\/connectify.events\/en\/wp-json\/wp\/v2\/pages\/15494\/revisions\/22757"}],"wp:featuredmedia":[{"embeddable":true,"href":"https:\/\/connectify.events\/en\/wp-json\/wp\/v2\/media\/20368"}],"wp:attachment":[{"href":"https:\/\/connectify.events\/en\/wp-json\/wp\/v2\/media?parent=15494"}],"curies":[{"name":"wp","href":"https:\/\/api.w.org\/{rel}","templated":true}]}}